{"id":2852,"date":"2025-09-03T15:24:37","date_gmt":"2025-09-03T13:24:37","guid":{"rendered":"https:\/\/betroffenenberatung-rlp.de\/erisilebilirlik-beyani\/"},"modified":"2026-01-22T10:14:10","modified_gmt":"2026-01-22T09:14:10","slug":"erisilebilirlik-beyani","status":"publish","type":"page","link":"https:\/\/betroffenenberatung-rlp.de\/tr\/erisilebilirlik-beyani\/","title":{"rendered":"Eri\u015filebilirlik Beyan\u0131"},"content":{"rendered":"\t\t<div data-elementor-type=\"wp-page\" data-elementor-id=\"2852\" class=\"elementor elementor-2852 elementor-651\" data-elementor-post-type=\"page\">\n\t\t\t\t<div class=\"elementor-element elementor-element-5111f0a e-con-full elementor-hidden-desktop elementor-hidden-tablet_extra elementor-hidden-tablet elementor-hidden-mobile_extra e-flex e-con e-parent\" data-id=\"5111f0a\" data-element_type=\"container\" data-settings=\"{&quot;background_background&quot;:&quot;classic&quot;}\">\n\t\t<div class=\"elementor-element elementor-element-1b96969 e-con-full e-flex e-con e-child\" data-id=\"1b96969\" data-element_type=\"container\">\n\t\t\t\t<div class=\"elementor-element elementor-element-069b779 elementor-widget elementor-widget-heading\" data-id=\"069b779\" data-element_type=\"widget\" data-widget_type=\"heading.default\">\n\t\t\t\t\t<h1 class=\"elementor-heading-title elementor-size-default\">Eri\u015filebilirlik<\/h1>\t\t\t\t<\/div>\n\t\t\t\t<\/div>\n\t\t\t\t<div class=\"elementor-element elementor-element-9e70ea1 elementor-widget__width-initial elementor-widget-mobile__width-inherit elementor-widget-tablet__width-inherit elementor-widget elementor-widget-image\" data-id=\"9e70ea1\" data-element_type=\"widget\" data-widget_type=\"image.default\">\n\t\t\t\t\t\t\t\t\t\t\t\t\t\t\t<img fetchpriority=\"high\" decoding=\"async\" width=\"2560\" height=\"1440\" src=\"https:\/\/betroffenenberatung-rlp.de\/wp-content\/uploads\/2025\/09\/Betroffenenberatung-Koepfe-scaled.png\" class=\"attachment-full size-full wp-image-2850\" alt=\"Grafik: Rheinland-Pfalz ma\u011fdur dan\u0131\u015fmanl\u0131\u011f\u0131 y\u00f6neticileri\" srcset=\"https:\/\/betroffenenberatung-rlp.de\/wp-content\/uploads\/2025\/09\/Betroffenenberatung-Koepfe-scaled.png 2560w, https:\/\/betroffenenberatung-rlp.de\/wp-content\/uploads\/2025\/09\/Betroffenenberatung-Koepfe-300x169.png 300w, https:\/\/betroffenenberatung-rlp.de\/wp-content\/uploads\/2025\/09\/Betroffenenberatung-Koepfe-1024x576.png 1024w, https:\/\/betroffenenberatung-rlp.de\/wp-content\/uploads\/2025\/09\/Betroffenenberatung-Koepfe-768x432.png 768w, https:\/\/betroffenenberatung-rlp.de\/wp-content\/uploads\/2025\/09\/Betroffenenberatung-Koepfe-1536x864.png 1536w, https:\/\/betroffenenberatung-rlp.de\/wp-content\/uploads\/2025\/09\/Betroffenenberatung-Koepfe-2048x1152.png 2048w\" sizes=\"(max-width: 2560px) 100vw, 2560px\" \/>\t\t\t\t\t\t\t\t\t\t\t\t\t\t\t<\/div>\n\t\t\t\t<\/div>\n\t\t<div class=\"elementor-element elementor-element-5a907314 e-con-full elementor-hidden-mobile e-flex e-con e-parent\" data-id=\"5a907314\" data-element_type=\"container\" data-settings=\"{&quot;background_background&quot;:&quot;classic&quot;}\">\n\t\t<div class=\"elementor-element elementor-element-6fe76228 e-con-full e-flex e-con e-child\" data-id=\"6fe76228\" data-element_type=\"container\">\n\t\t\t\t<div class=\"elementor-element elementor-element-28d04e4 elementor-widget elementor-widget-heading\" data-id=\"28d04e4\" data-element_type=\"widget\" data-widget_type=\"heading.default\">\n\t\t\t\t\t<h1 class=\"elementor-heading-title elementor-size-default\">Eri\u015filebilirlik Beyan\u0131<\/h1>\t\t\t\t<\/div>\n\t\t\t\t<\/div>\n\t\t\t\t<div class=\"elementor-element elementor-element-60af7f67 elementor-widget__width-initial elementor-widget-mobile__width-inherit elementor-widget-tablet__width-inherit elementor-widget elementor-widget-image\" data-id=\"60af7f67\" data-element_type=\"widget\" data-widget_type=\"image.default\">\n\t\t\t\t\t\t\t\t\t\t\t\t\t\t\t<img fetchpriority=\"high\" decoding=\"async\" width=\"2560\" height=\"1440\" src=\"https:\/\/betroffenenberatung-rlp.de\/wp-content\/uploads\/2025\/09\/Betroffenenberatung-Koepfe-scaled.png\" class=\"attachment-full size-full wp-image-2850\" alt=\"Grafik: Rheinland-Pfalz ma\u011fdur dan\u0131\u015fmanl\u0131\u011f\u0131 y\u00f6neticileri\" srcset=\"https:\/\/betroffenenberatung-rlp.de\/wp-content\/uploads\/2025\/09\/Betroffenenberatung-Koepfe-scaled.png 2560w, https:\/\/betroffenenberatung-rlp.de\/wp-content\/uploads\/2025\/09\/Betroffenenberatung-Koepfe-300x169.png 300w, https:\/\/betroffenenberatung-rlp.de\/wp-content\/uploads\/2025\/09\/Betroffenenberatung-Koepfe-1024x576.png 1024w, https:\/\/betroffenenberatung-rlp.de\/wp-content\/uploads\/2025\/09\/Betroffenenberatung-Koepfe-768x432.png 768w, https:\/\/betroffenenberatung-rlp.de\/wp-content\/uploads\/2025\/09\/Betroffenenberatung-Koepfe-1536x864.png 1536w, https:\/\/betroffenenberatung-rlp.de\/wp-content\/uploads\/2025\/09\/Betroffenenberatung-Koepfe-2048x1152.png 2048w\" sizes=\"(max-width: 2560px) 100vw, 2560px\" \/>\t\t\t\t\t\t\t\t\t\t\t\t\t\t\t<\/div>\n\t\t\t\t<\/div>\n\t\t<div class=\"elementor-element elementor-element-7931ac14 e-flex e-con-boxed e-con e-child\" data-id=\"7931ac14\" data-element_type=\"container\">\n\t\t\t\t\t<div class=\"e-con-inner\">\n\t\t\t\t<div class=\"elementor-element elementor-element-62d7560f elementor-widget elementor-widget-heading\" data-id=\"62d7560f\" data-element_type=\"widget\" data-widget_type=\"heading.default\">\n\t\t\t\t\t<h2 class=\"elementor-heading-title elementor-size-default\">Hizmetler i\u00e7in eri\u015filebilirlik a\u00e7\u0131klamas\u0131<\/h2>\t\t\t\t<\/div>\n\t\t\t\t<div class=\"elementor-element elementor-element-78cd4861 elementor-widget elementor-widget-text-editor\" data-id=\"78cd4861\" data-element_type=\"widget\" data-widget_type=\"text-editor.default\">\n\t\t\t\t\t\t\t\t\t<p>Eri\u015filebilirlik beyan\u0131m\u0131z kapsam\u0131nda, a\u015fa\u011f\u0131da a\u00e7\u0131klanan hizmetlerin yasal d\u00fczenlemeler (\u00f6zellikle Eri\u015filebilirlik G\u00fc\u00e7lendirme Yasas\u0131 \u2013 BFSG) uyar\u0131nca eri\u015filebilirlik gereklilikleriyle uyumluluk durumuna ili\u015fkin genel bir bilgi vermek istiyoruz.<span class=\"Apple-converted-space\"> <\/span><\/p>\t\t\t\t\t\t\t\t<\/div>\n\t\t\t\t<div class=\"elementor-element elementor-element-83aeb88 elementor-widget elementor-widget-text-editor\" data-id=\"83aeb88\" data-element_type=\"widget\" data-widget_type=\"text-editor.default\">\n\t\t\t\t\t\t\t\t\t<h3>Hizmet sa\u011flay\u0131c\u0131larla ilgili bilgiler<\/h3><p>Arbeiterwohlfahrt Bezirksverband Rheinland e.V.<br>Dreikaiserweg 4<br>56068 Koblenz, Almanya<br>Rheinland-Pfalz<br><br><\/p><p>Wertzeug e. V. <br>Gleis F, 52.6, Hauptstra\u00dfe 17-19<br>55120 Mainz, Almanya<br>Rheinland-Pfalz<\/p><h3>Hizmetin genel a\u00e7\u0131klamas\u0131<\/h3><p>www.betroffenenberatung-rlp.de web sitesi, Koblenz ve Mainz&#8217;daki iki b\u00f6lgesel ofis taraf\u0131ndan Rheinland-Pfalz eyaletinde ya\u015fayan t\u00fcm insanlar i\u00e7in sa\u011fc\u0131, \u0131rk\u00e7\u0131 ve antisemitik \u015fiddete maruz kalanlara dan\u0131\u015fmanl\u0131k hizmeti sunan Rheinland-Pfalz ma\u011fdur dan\u0131\u015fma merkezinin merkezi \u00e7evrimi\u00e7i bilgi portal\u0131d\u0131r. Bu a\u00e7\u0131klama, web sitesinde sunulan t\u00fcm bilgiler, i\u00e7erikler ve i\u015flevler i\u00e7in ge\u00e7erlidir.  <\/p><h3>Hizmetin yerine getirilmesine ili\u015fkin a\u00e7\u0131klamalar<\/h3><p>www.betroffenenberatung-rlp.de web sitemiz \u00fczerinden, ma\u011fdur dan\u0131\u015fmanl\u0131\u011f\u0131 hizmetleri hakk\u0131nda kapsaml\u0131 bilgi veriyoruz. Ayr\u0131ca, g\u00fcncel haberler, etkinlik duyurular\u0131 ve yay\u0131nlar da mevcuttur. \u0130leti\u015fim formu arac\u0131l\u0131\u011f\u0131yla sorular\u0131n\u0131z\u0131 iletebilirsiniz. Dijital eri\u015filebilirli\u011fi desteklemek i\u00e7in, web sitesine, g\u00f6r\u00fcnt\u00fcleme ve kullan\u0131m\u0131 (\u00f6r. kontrast, yaz\u0131 tipi boyutu, okuma oda\u011f\u0131, sesli okuma i\u015flevi) ki\u015fisel olarak ayarlama imkan\u0131 sunan bir eri\u015filebilirlik widget&#8217;\u0131 entegre edilmi\u015ftir.   <\/p><h3>Gerekliliklerle uyumluluk durumu<\/h3><p>Yukar\u0131da belirtilen hizmet, Engelli Eri\u015filebilirlik G\u00fc\u00e7lendirme Yasas\u0131 (BFSG) ile k\u0131smen uyumludur.<br><br>www.betroffenenberatung-rlp.de web sitesi, Engelli Eri\u015filebilirlik G\u00fc\u00e7lendirme Yasas\u0131 (BFSG) ile Engelli Eri\u015filebilirlik Bilgi Teknolojisi Y\u00f6netmeli\u011fi (BITV 2.0) gereklilikleri ile k\u0131smen uyumludur.<\/p>\t\t\t\t\t\t\t\t<\/div>\n\t\t\t\t<div class=\"elementor-element elementor-element-b9809d9 elementor-widget elementor-widget-text-editor\" data-id=\"b9809d9\" data-element_type=\"widget\" data-widget_type=\"text-editor.default\">\n\t\t\t\t\t\t\t\t\t<h4>Hizmetin engelsiz olmayan k\u0131s\u0131mlar\u0131 &#8211; Uygulama s\u00fcreleri<\/h4><ol><li>Ekran okuyucu uyumlulu\u011funu iyile\u015ftirmek i\u00e7in PDF belgelerinin a\u015famal\u0131 olarak revize edilmesi s\u00fcreci devam etmektedir.<\/li><li>Yeni i\u00e7erikler, kabul edilmi\u015f eri\u015filebilirlik standartlar\u0131 dikkate al\u0131narak olu\u015fturulmaktad\u0131r.<\/li><\/ol>\t\t\t\t\t\t\t\t<\/div>\n\t\t\t\t<div class=\"elementor-element elementor-element-eb8286e elementor-widget elementor-widget-text-editor\" data-id=\"eb8286e\" data-element_type=\"widget\" data-widget_type=\"text-editor.default\">\n\t\t\t\t\t\t\t\t\t<h3>Eri\u015filebilirlik beyan\u0131n\u0131n haz\u0131rlanmas\u0131<\/h3><p>Bu eri\u015filebilirlik beyan\u0131, i\u00e7 denetim temelinde haz\u0131rlanm\u0131\u015ft\u0131r ve i\u00e7erik, teknik uygulama veya yasal gerekliliklerde \u00f6nemli de\u011fi\u015fiklikler olmas\u0131 durumunda g\u00fcncellenecektir.<\/p><h3>Eri\u015filebilirlik durumuna ili\u015fkin de\u011ferlendirme<\/h3><p>Eri\u015filebilirlik durumuna ili\u015fkin de\u011ferlendirme, kendi de\u011ferlendirmemize dayanmaktad\u0131r.<\/p><h3>Geri bildirim se\u00e7enekleri ve ileti\u015fim bilgileri<\/h3><p>AWO Bezirksverband Rheinland e.V.<br \/>Dreikaiserweg 4<br \/>56068 Koblenz, Almanya<br \/><br \/><\/p><p>E-posta: <a href=\"mailto:info@awo-rheinland.de\">info@awo-rheinland.de<\/a><br \/>Telefon: <a href=\"tel:02613006199\">+49 (0)261 3006-199<\/a><br \/>Web sitesi ba\u011flant\u0131s\u0131: <a href=\"https:\/\/awo-rheinland.de\/\">https:\/\/awo-rheinland.de\/<\/a><br \/><br \/><\/p><p>Wertzeug e. V. <br \/>Gleis F, 52.6, Hauptstra\u00dfe 17-19<br \/>55120 Mainz, Almanya<br \/><br \/><\/p><p>E-posta: <a href=\"mailto:info@wertzeug.org\">info@wertzeug.org<\/a><br \/>Telefon: <a href=\"tel:0613132742991\">06131 32742991<\/a><br \/>Web sitesi ba\u011flant\u0131s\u0131: <a href=\"https:\/\/www.wertzeug.org\/\">https:\/\/www.wertzeug.org\/<\/a><\/p><p>\u00a0<\/p><p><a href=\"https:\/\/www.betroffenenberatung-rlp.de\/\">https:\/\/www.betroffenenberatung-rlp.de<\/a> web sitesinin yabanc\u0131 dildeki i\u00e7eri\u011fi, DeepL SE, Maarweg 165, 50825 K\u00f6ln[URL: <a href=\"https:\/\/www.deepl.com\/\">https:\/\/www.deepl.com<\/a>] taraf\u0131ndan sunulan \u00fccretsiz hizmet kullan\u0131larak olu\u015fturulmu\u015ftur.<\/p>\t\t\t\t\t\t\t\t<\/div>\n\t\t\t\t\t<\/div>\n\t\t\t\t<\/div>\n\t\t\t\t<\/div>\n\t\t","protected":false},"excerpt":{"rendered":"<p>Eri\u015filebilirlik Eri\u015filebilirlik Beyan\u0131 Hizmetler i\u00e7in eri\u015filebilirlik a\u00e7\u0131klamas\u0131 Eri\u015filebilirlik beyan\u0131m\u0131z kapsam\u0131nda, a\u015fa\u011f\u0131da a\u00e7\u0131klanan hizmetlerin yasal d\u00fczenlemeler (\u00f6zellikle Eri\u015filebilirlik G\u00fc\u00e7lendirme Yasas\u0131 \u2013 BFSG) uyar\u0131nca eri\u015filebilirlik gereklilikleriyle uyumluluk durumuna ili\u015fkin genel bir bilgi vermek istiyoruz. Hizmet sa\u011flay\u0131c\u0131larla ilgili bilgiler Arbeiterwohlfahrt Bezirksverband Rheinland e.V.Dreikaiserweg 456068 Koblenz, AlmanyaRheinland-Pfalz Wertzeug e. V. Gleis F, 52.6, Hauptstra\u00dfe 17-1955120 Mainz, AlmanyaRheinland-Pfalz Hizmetin genel [&hellip;]<\/p>\n","protected":false},"author":1,"featured_media":0,"parent":0,"menu_order":0,"comment_status":"closed","ping_status":"closed","template":"elementor_header_footer","meta":{"footnotes":""},"class_list":["post-2852","page","type-page","status-publish","hentry"],"yoast_head":"<!-- This site is optimized with the Yoast SEO plugin v27.4 - https:\/\/yoast.com\/product\/yoast-seo-wordpress\/ -->\n<title>Eri\u015filebilirlik Beyan\u0131 - Betroffenenberatung RLP<\/title>\n<meta name=\"description\" content=\"Eri\u015filebilirlik beyan\u0131: RLP dan\u0131\u015fma merkezi, eri\u015filebilirlik ve engelsiz kullan\u0131m i\u00e7in al\u0131nan \u00f6nlemler hakk\u0131nda bilgi vermektedir.\" \/>\n<meta name=\"robots\" content=\"index, follow, max-snippet:-1, max-image-preview:large, max-video-preview:-1\" \/>\n<link rel=\"canonical\" href=\"https:\/\/betroffenenberatung-rlp.de\/tr\/erisilebilirlik-beyani\/\" \/>\n<meta property=\"og:locale\" content=\"tr_TR\" \/>\n<meta property=\"og:type\" content=\"article\" \/>\n<meta property=\"og:title\" content=\"Eri\u015filebilirlik Beyan\u0131 - Betroffenenberatung RLP\" \/>\n<meta property=\"og:description\" content=\"Eri\u015filebilirlik beyan\u0131: RLP dan\u0131\u015fma merkezi, eri\u015filebilirlik ve engelsiz kullan\u0131m i\u00e7in al\u0131nan \u00f6nlemler hakk\u0131nda bilgi vermektedir.\" \/>\n<meta property=\"og:url\" content=\"https:\/\/betroffenenberatung-rlp.de\/tr\/erisilebilirlik-beyani\/\" \/>\n<meta property=\"og:site_name\" content=\"Betroffenenberatung RLP\" \/>\n<meta property=\"article:modified_time\" content=\"2026-01-22T09:14:10+00:00\" \/>\n<meta property=\"og:image\" content=\"https:\/\/betroffenenberatung-rlp.de\/wp-content\/uploads\/2025\/09\/Betroffenenberatung-Koepfe-scaled.png\" \/>\n\t<meta property=\"og:image:width\" content=\"2560\" \/>\n\t<meta property=\"og:image:height\" content=\"1440\" \/>\n\t<meta property=\"og:image:type\" content=\"image\/png\" \/>\n<meta name=\"twitter:card\" content=\"summary_large_image\" \/>\n<meta name=\"twitter:label1\" content=\"Tahmini okuma s\u00fcresi\" \/>\n\t<meta name=\"twitter:data1\" content=\"2 dakika\" \/>\n<script type=\"application\/ld+json\" class=\"yoast-schema-graph\">{\"@context\":\"https:\\\/\\\/schema.org\",\"@graph\":[{\"@type\":\"WebPage\",\"@id\":\"https:\\\/\\\/betroffenenberatung-rlp.de\\\/tr\\\/erisilebilirlik-beyani\\\/\",\"url\":\"https:\\\/\\\/betroffenenberatung-rlp.de\\\/tr\\\/erisilebilirlik-beyani\\\/\",\"name\":\"Eri\u015filebilirlik Beyan\u0131 - Betroffenenberatung RLP\",\"isPartOf\":{\"@id\":\"https:\\\/\\\/betroffenenberatung-rlp.de\\\/tr\\\/#website\"},\"primaryImageOfPage\":{\"@id\":\"https:\\\/\\\/betroffenenberatung-rlp.de\\\/tr\\\/erisilebilirlik-beyani\\\/#primaryimage\"},\"image\":{\"@id\":\"https:\\\/\\\/betroffenenberatung-rlp.de\\\/tr\\\/erisilebilirlik-beyani\\\/#primaryimage\"},\"thumbnailUrl\":\"https:\\\/\\\/betroffenenberatung-rlp.de\\\/wp-content\\\/uploads\\\/2025\\\/09\\\/Betroffenenberatung-Koepfe-scaled.png\",\"datePublished\":\"2025-09-03T13:24:37+00:00\",\"dateModified\":\"2026-01-22T09:14:10+00:00\",\"description\":\"Eri\u015filebilirlik beyan\u0131: RLP dan\u0131\u015fma merkezi, eri\u015filebilirlik ve engelsiz kullan\u0131m i\u00e7in al\u0131nan \u00f6nlemler hakk\u0131nda bilgi vermektedir.\",\"breadcrumb\":{\"@id\":\"https:\\\/\\\/betroffenenberatung-rlp.de\\\/tr\\\/erisilebilirlik-beyani\\\/#breadcrumb\"},\"inLanguage\":\"tr\",\"potentialAction\":[{\"@type\":\"ReadAction\",\"target\":[\"https:\\\/\\\/betroffenenberatung-rlp.de\\\/tr\\\/erisilebilirlik-beyani\\\/\"]}]},{\"@type\":\"ImageObject\",\"inLanguage\":\"tr\",\"@id\":\"https:\\\/\\\/betroffenenberatung-rlp.de\\\/tr\\\/erisilebilirlik-beyani\\\/#primaryimage\",\"url\":\"https:\\\/\\\/betroffenenberatung-rlp.de\\\/wp-content\\\/uploads\\\/2025\\\/09\\\/Betroffenenberatung-Koepfe-scaled.png\",\"contentUrl\":\"https:\\\/\\\/betroffenenberatung-rlp.de\\\/wp-content\\\/uploads\\\/2025\\\/09\\\/Betroffenenberatung-Koepfe-scaled.png\"},{\"@type\":\"BreadcrumbList\",\"@id\":\"https:\\\/\\\/betroffenenberatung-rlp.de\\\/tr\\\/erisilebilirlik-beyani\\\/#breadcrumb\",\"itemListElement\":[{\"@type\":\"ListItem\",\"position\":1,\"name\":\"Home\",\"item\":\"https:\\\/\\\/betroffenenberatung-rlp.de\\\/tr\\\/\"},{\"@type\":\"ListItem\",\"position\":2,\"name\":\"Eri\u015filebilirlik Beyan\u0131\"}]},{\"@type\":\"WebSite\",\"@id\":\"https:\\\/\\\/betroffenenberatung-rlp.de\\\/tr\\\/#website\",\"url\":\"https:\\\/\\\/betroffenenberatung-rlp.de\\\/tr\\\/\",\"name\":\"AWO Betroffenenberatung\",\"description\":\"Betroffenenberatung RLP\",\"publisher\":{\"@id\":\"https:\\\/\\\/betroffenenberatung-rlp.de\\\/tr\\\/#organization\"},\"potentialAction\":[{\"@type\":\"SearchAction\",\"target\":{\"@type\":\"EntryPoint\",\"urlTemplate\":\"https:\\\/\\\/betroffenenberatung-rlp.de\\\/tr\\\/?s={search_term_string}\"},\"query-input\":{\"@type\":\"PropertyValueSpecification\",\"valueRequired\":true,\"valueName\":\"search_term_string\"}}],\"inLanguage\":\"tr\"},{\"@type\":\"Organization\",\"@id\":\"https:\\\/\\\/betroffenenberatung-rlp.de\\\/tr\\\/#organization\",\"name\":\"AWO Betroffenenberatung\",\"url\":\"https:\\\/\\\/betroffenenberatung-rlp.de\\\/tr\\\/\",\"logo\":{\"@type\":\"ImageObject\",\"inLanguage\":\"tr\",\"@id\":\"https:\\\/\\\/betroffenenberatung-rlp.de\\\/tr\\\/#\\\/schema\\\/logo\\\/image\\\/\",\"url\":\"https:\\\/\\\/betroffenenberatung-rlp.de\\\/wp-content\\\/uploads\\\/2025\\\/09\\\/Betroffenenberatung-Logo-Hauptseite.png\",\"contentUrl\":\"https:\\\/\\\/betroffenenberatung-rlp.de\\\/wp-content\\\/uploads\\\/2025\\\/09\\\/Betroffenenberatung-Logo-Hauptseite.png\",\"width\":834,\"height\":834,\"caption\":\"AWO Betroffenenberatung\"},\"image\":{\"@id\":\"https:\\\/\\\/betroffenenberatung-rlp.de\\\/tr\\\/#\\\/schema\\\/logo\\\/image\\\/\"}}]}<\/script>\n<!-- \/ Yoast SEO plugin. -->","yoast_head_json":{"title":"Eri\u015filebilirlik Beyan\u0131 - Betroffenenberatung RLP","description":"Eri\u015filebilirlik beyan\u0131: RLP dan\u0131\u015fma merkezi, eri\u015filebilirlik ve engelsiz kullan\u0131m i\u00e7in al\u0131nan \u00f6nlemler hakk\u0131nda bilgi vermektedir.","robots":{"index":"index","follow":"follow","max-snippet":"max-snippet:-1","max-image-preview":"max-image-preview:large","max-video-preview":"max-video-preview:-1"},"canonical":"https:\/\/betroffenenberatung-rlp.de\/tr\/erisilebilirlik-beyani\/","og_locale":"tr_TR","og_type":"article","og_title":"Eri\u015filebilirlik Beyan\u0131 - Betroffenenberatung RLP","og_description":"Eri\u015filebilirlik beyan\u0131: RLP dan\u0131\u015fma merkezi, eri\u015filebilirlik ve engelsiz kullan\u0131m i\u00e7in al\u0131nan \u00f6nlemler hakk\u0131nda bilgi vermektedir.","og_url":"https:\/\/betroffenenberatung-rlp.de\/tr\/erisilebilirlik-beyani\/","og_site_name":"Betroffenenberatung RLP","article_modified_time":"2026-01-22T09:14:10+00:00","og_image":[{"width":2560,"height":1440,"url":"https:\/\/betroffenenberatung-rlp.de\/wp-content\/uploads\/2025\/09\/Betroffenenberatung-Koepfe-scaled.png","type":"image\/png"}],"twitter_card":"summary_large_image","twitter_misc":{"Tahmini okuma s\u00fcresi":"2 dakika"},"schema":{"@context":"https:\/\/schema.org","@graph":[{"@type":"WebPage","@id":"https:\/\/betroffenenberatung-rlp.de\/tr\/erisilebilirlik-beyani\/","url":"https:\/\/betroffenenberatung-rlp.de\/tr\/erisilebilirlik-beyani\/","name":"Eri\u015filebilirlik Beyan\u0131 - Betroffenenberatung RLP","isPartOf":{"@id":"https:\/\/betroffenenberatung-rlp.de\/tr\/#website"},"primaryImageOfPage":{"@id":"https:\/\/betroffenenberatung-rlp.de\/tr\/erisilebilirlik-beyani\/#primaryimage"},"image":{"@id":"https:\/\/betroffenenberatung-rlp.de\/tr\/erisilebilirlik-beyani\/#primaryimage"},"thumbnailUrl":"https:\/\/betroffenenberatung-rlp.de\/wp-content\/uploads\/2025\/09\/Betroffenenberatung-Koepfe-scaled.png","datePublished":"2025-09-03T13:24:37+00:00","dateModified":"2026-01-22T09:14:10+00:00","description":"Eri\u015filebilirlik beyan\u0131: RLP dan\u0131\u015fma merkezi, eri\u015filebilirlik ve engelsiz kullan\u0131m i\u00e7in al\u0131nan \u00f6nlemler hakk\u0131nda bilgi vermektedir.","breadcrumb":{"@id":"https:\/\/betroffenenberatung-rlp.de\/tr\/erisilebilirlik-beyani\/#breadcrumb"},"inLanguage":"tr","potentialAction":[{"@type":"ReadAction","target":["https:\/\/betroffenenberatung-rlp.de\/tr\/erisilebilirlik-beyani\/"]}]},{"@type":"ImageObject","inLanguage":"tr","@id":"https:\/\/betroffenenberatung-rlp.de\/tr\/erisilebilirlik-beyani\/#primaryimage","url":"https:\/\/betroffenenberatung-rlp.de\/wp-content\/uploads\/2025\/09\/Betroffenenberatung-Koepfe-scaled.png","contentUrl":"https:\/\/betroffenenberatung-rlp.de\/wp-content\/uploads\/2025\/09\/Betroffenenberatung-Koepfe-scaled.png"},{"@type":"BreadcrumbList","@id":"https:\/\/betroffenenberatung-rlp.de\/tr\/erisilebilirlik-beyani\/#breadcrumb","itemListElement":[{"@type":"ListItem","position":1,"name":"Home","item":"https:\/\/betroffenenberatung-rlp.de\/tr\/"},{"@type":"ListItem","position":2,"name":"Eri\u015filebilirlik Beyan\u0131"}]},{"@type":"WebSite","@id":"https:\/\/betroffenenberatung-rlp.de\/tr\/#website","url":"https:\/\/betroffenenberatung-rlp.de\/tr\/","name":"AWO Betroffenenberatung","description":"Betroffenenberatung RLP","publisher":{"@id":"https:\/\/betroffenenberatung-rlp.de\/tr\/#organization"},"potentialAction":[{"@type":"SearchAction","target":{"@type":"EntryPoint","urlTemplate":"https:\/\/betroffenenberatung-rlp.de\/tr\/?s={search_term_string}"},"query-input":{"@type":"PropertyValueSpecification","valueRequired":true,"valueName":"search_term_string"}}],"inLanguage":"tr"},{"@type":"Organization","@id":"https:\/\/betroffenenberatung-rlp.de\/tr\/#organization","name":"AWO Betroffenenberatung","url":"https:\/\/betroffenenberatung-rlp.de\/tr\/","logo":{"@type":"ImageObject","inLanguage":"tr","@id":"https:\/\/betroffenenberatung-rlp.de\/tr\/#\/schema\/logo\/image\/","url":"https:\/\/betroffenenberatung-rlp.de\/wp-content\/uploads\/2025\/09\/Betroffenenberatung-Logo-Hauptseite.png","contentUrl":"https:\/\/betroffenenberatung-rlp.de\/wp-content\/uploads\/2025\/09\/Betroffenenberatung-Logo-Hauptseite.png","width":834,"height":834,"caption":"AWO Betroffenenberatung"},"image":{"@id":"https:\/\/betroffenenberatung-rlp.de\/tr\/#\/schema\/logo\/image\/"}}]}},"_links":{"self":[{"href":"https:\/\/betroffenenberatung-rlp.de\/tr\/wp-json\/wp\/v2\/pages\/2852","targetHints":{"allow":["GET"]}}],"collection":[{"href":"https:\/\/betroffenenberatung-rlp.de\/tr\/wp-json\/wp\/v2\/pages"}],"about":[{"href":"https:\/\/betroffenenberatung-rlp.de\/tr\/wp-json\/wp\/v2\/types\/page"}],"author":[{"embeddable":true,"href":"https:\/\/betroffenenberatung-rlp.de\/tr\/wp-json\/wp\/v2\/users\/1"}],"replies":[{"embeddable":true,"href":"https:\/\/betroffenenberatung-rlp.de\/tr\/wp-json\/wp\/v2\/comments?post=2852"}],"version-history":[{"count":4,"href":"https:\/\/betroffenenberatung-rlp.de\/tr\/wp-json\/wp\/v2\/pages\/2852\/revisions"}],"predecessor-version":[{"id":2858,"href":"https:\/\/betroffenenberatung-rlp.de\/tr\/wp-json\/wp\/v2\/pages\/2852\/revisions\/2858"}],"wp:attachment":[{"href":"https:\/\/betroffenenberatung-rlp.de\/tr\/wp-json\/wp\/v2\/media?parent=2852"}],"curies":[{"name":"wp","href":"https:\/\/api.w.org\/{rel}","templated":true}]}}