{"id":2859,"date":"2025-09-03T15:24:37","date_gmt":"2025-09-03T13:24:37","guid":{"rendered":"https:\/\/betroffenenberatung-rlp.de\/yayinci-bilgileri\/"},"modified":"2026-01-22T10:36:40","modified_gmt":"2026-01-22T09:36:40","slug":"yayinci-bilgileri","status":"publish","type":"page","link":"https:\/\/betroffenenberatung-rlp.de\/tr\/yayinci-bilgileri\/","title":{"rendered":"Yay\u0131nc\u0131 bilgileri"},"content":{"rendered":"\t\t<div data-elementor-type=\"wp-page\" data-elementor-id=\"2859\" class=\"elementor elementor-2859 elementor-458\" data-elementor-post-type=\"page\">\n\t\t\t\t<div class=\"elementor-element elementor-element-1d471b6 e-con-full elementor-hidden-desktop e-flex e-con e-parent\" data-id=\"1d471b6\" data-element_type=\"container\" data-settings=\"{&quot;background_background&quot;:&quot;classic&quot;}\">\n\t\t<div class=\"elementor-element elementor-element-a7ac4db e-con-full e-flex e-con e-child\" data-id=\"a7ac4db\" data-element_type=\"container\">\n\t\t\t\t<div class=\"elementor-element elementor-element-6ec9df0 elementor-widget elementor-widget-heading\" data-id=\"6ec9df0\" data-element_type=\"widget\" data-widget_type=\"heading.default\">\n\t\t\t\t\t<h1 class=\"elementor-heading-title elementor-size-default\">Yay\u0131nc\u0131 bilgileri<\/h1>\t\t\t\t<\/div>\n\t\t\t\t<\/div>\n\t\t\t\t<div class=\"elementor-element elementor-element-e1eede7 elementor-widget__width-initial elementor-widget-mobile__width-inherit elementor-widget-tablet__width-inherit elementor-widget elementor-widget-image\" data-id=\"e1eede7\" data-element_type=\"widget\" data-widget_type=\"image.default\">\n\t\t\t\t\t\t\t\t\t\t\t\t\t\t\t<img fetchpriority=\"high\" decoding=\"async\" width=\"2560\" height=\"1440\" src=\"https:\/\/betroffenenberatung-rlp.de\/wp-content\/uploads\/2025\/09\/Betroffenenberatung-Koepfe-scaled.png\" class=\"attachment-full size-full wp-image-2850\" alt=\"Grafik: Rheinland-Pfalz ma\u011fdur dan\u0131\u015fmanl\u0131\u011f\u0131 y\u00f6neticileri\" srcset=\"https:\/\/betroffenenberatung-rlp.de\/wp-content\/uploads\/2025\/09\/Betroffenenberatung-Koepfe-scaled.png 2560w, https:\/\/betroffenenberatung-rlp.de\/wp-content\/uploads\/2025\/09\/Betroffenenberatung-Koepfe-300x169.png 300w, https:\/\/betroffenenberatung-rlp.de\/wp-content\/uploads\/2025\/09\/Betroffenenberatung-Koepfe-1024x576.png 1024w, https:\/\/betroffenenberatung-rlp.de\/wp-content\/uploads\/2025\/09\/Betroffenenberatung-Koepfe-768x432.png 768w, https:\/\/betroffenenberatung-rlp.de\/wp-content\/uploads\/2025\/09\/Betroffenenberatung-Koepfe-1536x864.png 1536w, https:\/\/betroffenenberatung-rlp.de\/wp-content\/uploads\/2025\/09\/Betroffenenberatung-Koepfe-2048x1152.png 2048w\" sizes=\"(max-width: 2560px) 100vw, 2560px\" \/>\t\t\t\t\t\t\t\t\t\t\t\t\t\t\t<\/div>\n\t\t\t\t<\/div>\n\t\t<div class=\"elementor-element elementor-element-5a907314 e-con-full elementor-hidden-mobile elementor-hidden-tablet_extra e-flex e-con e-parent\" data-id=\"5a907314\" data-element_type=\"container\" data-settings=\"{&quot;background_background&quot;:&quot;classic&quot;}\">\n\t\t<div class=\"elementor-element elementor-element-6fe76228 e-con-full e-flex e-con e-child\" data-id=\"6fe76228\" data-element_type=\"container\">\n\t\t\t\t<div class=\"elementor-element elementor-element-28d04e4 elementor-widget elementor-widget-heading\" data-id=\"28d04e4\" data-element_type=\"widget\" data-widget_type=\"heading.default\">\n\t\t\t\t\t<h1 class=\"elementor-heading-title elementor-size-default\">Yay\u0131nc\u0131 bilgileri<\/h1>\t\t\t\t<\/div>\n\t\t\t\t<\/div>\n\t\t\t\t<div class=\"elementor-element elementor-element-60af7f67 elementor-widget__width-initial elementor-widget-mobile__width-inherit elementor-widget-tablet__width-inherit elementor-widget elementor-widget-image\" data-id=\"60af7f67\" data-element_type=\"widget\" data-widget_type=\"image.default\">\n\t\t\t\t\t\t\t\t\t\t\t\t\t\t\t<img fetchpriority=\"high\" decoding=\"async\" width=\"2560\" height=\"1440\" src=\"https:\/\/betroffenenberatung-rlp.de\/wp-content\/uploads\/2025\/09\/Betroffenenberatung-Koepfe-scaled.png\" class=\"attachment-full size-full wp-image-2850\" alt=\"Grafik: Rheinland-Pfalz ma\u011fdur dan\u0131\u015fmanl\u0131\u011f\u0131 y\u00f6neticileri\" srcset=\"https:\/\/betroffenenberatung-rlp.de\/wp-content\/uploads\/2025\/09\/Betroffenenberatung-Koepfe-scaled.png 2560w, https:\/\/betroffenenberatung-rlp.de\/wp-content\/uploads\/2025\/09\/Betroffenenberatung-Koepfe-300x169.png 300w, https:\/\/betroffenenberatung-rlp.de\/wp-content\/uploads\/2025\/09\/Betroffenenberatung-Koepfe-1024x576.png 1024w, https:\/\/betroffenenberatung-rlp.de\/wp-content\/uploads\/2025\/09\/Betroffenenberatung-Koepfe-768x432.png 768w, https:\/\/betroffenenberatung-rlp.de\/wp-content\/uploads\/2025\/09\/Betroffenenberatung-Koepfe-1536x864.png 1536w, https:\/\/betroffenenberatung-rlp.de\/wp-content\/uploads\/2025\/09\/Betroffenenberatung-Koepfe-2048x1152.png 2048w\" sizes=\"(max-width: 2560px) 100vw, 2560px\" \/>\t\t\t\t\t\t\t\t\t\t\t\t\t\t\t<\/div>\n\t\t\t\t<\/div>\n\t\t<div class=\"elementor-element elementor-element-7931ac14 e-flex e-con-boxed e-con e-child\" data-id=\"7931ac14\" data-element_type=\"container\">\n\t\t\t\t\t<div class=\"e-con-inner\">\n\t\t\t\t<div class=\"elementor-element elementor-element-62d7560f elementor-widget elementor-widget-heading\" data-id=\"62d7560f\" data-element_type=\"widget\" data-widget_type=\"heading.default\">\n\t\t\t\t\t<h2 class=\"elementor-heading-title elementor-size-default\">AWO Bezirksverband Rheinland e. V.<\/h2>\t\t\t\t<\/div>\n\t\t\t\t<div class=\"elementor-element elementor-element-78cd4861 elementor-widget elementor-widget-text-editor\" data-id=\"78cd4861\" data-element_type=\"widget\" data-widget_type=\"text-editor.default\">\n\t\t\t\t\t\t\t\t\t<p class=\"s12\"><span class=\"s2\">Dreikaiserweg 4<br><\/span><span class=\"s2\">56068 Koblenz, Almanya<\/span><\/p><p class=\"s12\"><strong><span class=\"s2\">Temsil edilen<\/span><\/strong><\/p><p class=\"s12\">Michaela Naunheim (y\u00f6netim kurulu)<br>Rudi Frick (ba\u015fkan) <br>Jens Carstensen (ba\u015fkan yard\u0131mc\u0131s\u0131)<br>Ursula Orth (ba\u015fkan yard\u0131mc\u0131s\u0131)<\/p><p class=\"s12\"><strong><span class=\"s2\">Ileti\u015fim<\/span><\/strong><\/p><p class=\"s12\">Telefon: 0261 3006-199<br>E-posta: <a href=\"mailto:info@awo-rheinland.de\">info@awo-rheinland.de<\/a><\/p><p>Dernek sicil kayd\u0131<br>Sicil mahkemesi: Koblenz Asliye Mahkemesi<br>Sicil numaras\u0131: VR 743<br>Katma de\u011fer vergisi kanununun 27a maddesine g\u00f6re katma de\u011fer vergisi kimlik numaras\u0131: DE 19241587 <\/p>\t\t\t\t\t\t\t\t<\/div>\n\t\t\t\t<div class=\"elementor-element elementor-element-095b68d elementor-widget elementor-widget-heading\" data-id=\"095b68d\" data-element_type=\"widget\" data-widget_type=\"heading.default\">\n\t\t\t\t\t<h2 class=\"elementor-heading-title elementor-size-default\">Wertzeug e. V.<\/h2>\t\t\t\t<\/div>\n\t\t\t\t<div class=\"elementor-element elementor-element-83aeb88 elementor-widget elementor-widget-text-editor\" data-id=\"83aeb88\" data-element_type=\"widget\" data-widget_type=\"text-editor.default\">\n\t\t\t\t\t\t\t\t\t<div><div class=\"WordSection1\"><div>Hauptstra\u00dfe 17-19<\/div><div>Gleis, F, 52.6<\/div><div>55120 Mainz, Almanya<\/div><div><strong><span class=\"s2\"><br>Temsil edilen<\/span><\/strong><\/div><\/div><\/div><p class=\"s12\"><span class=\"s2\">Johann Esau<br>Myriam Klein<br>Sebastian Hebler <\/span><\/p><p class=\"s12\"><strong><span class=\"s2\">Ileti\u015fim<\/span><\/strong><\/p><p class=\"s12\">Telefon: 06131 32742991<br>E-posta: <a href=\"mailto:info@wertzeug.org\">info@wertzeug.org<\/a><\/p><p class=\"s12\"><strong><span class=\"s2\">Dernek sicil kayd\u0131 <\/span><\/strong><\/p><p class=\"s12\">Sicil mahkemesi: Mainz Asliye Mahkemesi<br>Sicil numaras\u0131: 41581<\/p>\t\t\t\t\t\t\t\t<\/div>\n\t\t\t\t\t<\/div>\n\t\t\t\t<\/div>\n\t\t\t\t<\/div>\n\t\t","protected":false},"excerpt":{"rendered":"<p>Yay\u0131nc\u0131 bilgileri Yay\u0131nc\u0131 bilgileri AWO Bezirksverband Rheinland e. V. Dreikaiserweg 456068 Koblenz, Almanya Temsil edilen Michaela Naunheim (y\u00f6netim kurulu)Rudi Frick (ba\u015fkan) Jens Carstensen (ba\u015fkan yard\u0131mc\u0131s\u0131)Ursula Orth (ba\u015fkan yard\u0131mc\u0131s\u0131) Ileti\u015fim Telefon: 0261 3006-199E-posta: info@awo-rheinland.de Dernek sicil kayd\u0131Sicil mahkemesi: Koblenz Asliye MahkemesiSicil numaras\u0131: VR 743Katma de\u011fer vergisi kanununun 27a maddesine g\u00f6re katma de\u011fer vergisi kimlik numaras\u0131: DE [&hellip;]<\/p>\n","protected":false},"author":1,"featured_media":0,"parent":0,"menu_order":0,"comment_status":"closed","ping_status":"closed","template":"elementor_header_footer","meta":{"footnotes":""},"class_list":["post-2859","page","type-page","status-publish","hentry"],"yoast_head":"<!-- This site is optimized with the Yoast SEO plugin v27.4 - https:\/\/yoast.com\/product\/yoast-seo-wordpress\/ -->\n<title>Yay\u0131nc\u0131 bilgileri - Betroffenenberatung RLP<\/title>\n<meta name=\"description\" content=\"Rheinland-Pfalz Ma\u011fdur Dan\u0131\u015fma Merkezi \u0130leti\u015fim Bilgileri \u2013 T\u00fcm yasal bilgiler, ileti\u015fim bilgileri ve web sitesinin i\u015fletmecisi hakk\u0131nda bilgiler.\" \/>\n<meta name=\"robots\" content=\"index, follow, max-snippet:-1, max-image-preview:large, max-video-preview:-1\" \/>\n<link rel=\"canonical\" href=\"https:\/\/betroffenenberatung-rlp.de\/tr\/yayinci-bilgileri\/\" \/>\n<meta property=\"og:locale\" content=\"tr_TR\" \/>\n<meta property=\"og:type\" content=\"article\" \/>\n<meta property=\"og:title\" content=\"Yay\u0131nc\u0131 bilgileri - Betroffenenberatung RLP\" \/>\n<meta property=\"og:description\" content=\"Rheinland-Pfalz Ma\u011fdur Dan\u0131\u015fma Merkezi \u0130leti\u015fim Bilgileri \u2013 T\u00fcm yasal bilgiler, ileti\u015fim bilgileri ve web sitesinin i\u015fletmecisi hakk\u0131nda bilgiler.\" \/>\n<meta property=\"og:url\" content=\"https:\/\/betroffenenberatung-rlp.de\/tr\/yayinci-bilgileri\/\" \/>\n<meta property=\"og:site_name\" content=\"Betroffenenberatung RLP\" \/>\n<meta property=\"article:modified_time\" content=\"2026-01-22T09:36:40+00:00\" \/>\n<meta property=\"og:image\" content=\"https:\/\/betroffenenberatung-rlp.de\/wp-content\/uploads\/2025\/09\/Betroffenenberatung-Koepfe-scaled.png\" \/>\n\t<meta property=\"og:image:width\" content=\"2560\" \/>\n\t<meta property=\"og:image:height\" content=\"1440\" \/>\n\t<meta property=\"og:image:type\" content=\"image\/png\" \/>\n<meta name=\"twitter:card\" content=\"summary_large_image\" \/>\n<script type=\"application\/ld+json\" class=\"yoast-schema-graph\">{\"@context\":\"https:\\\/\\\/schema.org\",\"@graph\":[{\"@type\":\"WebPage\",\"@id\":\"https:\\\/\\\/betroffenenberatung-rlp.de\\\/tr\\\/yayinci-bilgileri\\\/\",\"url\":\"https:\\\/\\\/betroffenenberatung-rlp.de\\\/tr\\\/yayinci-bilgileri\\\/\",\"name\":\"Yay\u0131nc\u0131 bilgileri - Betroffenenberatung RLP\",\"isPartOf\":{\"@id\":\"https:\\\/\\\/betroffenenberatung-rlp.de\\\/tr\\\/#website\"},\"primaryImageOfPage\":{\"@id\":\"https:\\\/\\\/betroffenenberatung-rlp.de\\\/tr\\\/yayinci-bilgileri\\\/#primaryimage\"},\"image\":{\"@id\":\"https:\\\/\\\/betroffenenberatung-rlp.de\\\/tr\\\/yayinci-bilgileri\\\/#primaryimage\"},\"thumbnailUrl\":\"https:\\\/\\\/betroffenenberatung-rlp.de\\\/wp-content\\\/uploads\\\/2025\\\/09\\\/Betroffenenberatung-Koepfe-scaled.png\",\"datePublished\":\"2025-09-03T13:24:37+00:00\",\"dateModified\":\"2026-01-22T09:36:40+00:00\",\"description\":\"Rheinland-Pfalz Ma\u011fdur Dan\u0131\u015fma Merkezi \u0130leti\u015fim Bilgileri \u2013 T\u00fcm yasal bilgiler, ileti\u015fim bilgileri ve web sitesinin i\u015fletmecisi hakk\u0131nda bilgiler.\",\"breadcrumb\":{\"@id\":\"https:\\\/\\\/betroffenenberatung-rlp.de\\\/tr\\\/yayinci-bilgileri\\\/#breadcrumb\"},\"inLanguage\":\"tr\",\"potentialAction\":[{\"@type\":\"ReadAction\",\"target\":[\"https:\\\/\\\/betroffenenberatung-rlp.de\\\/tr\\\/yayinci-bilgileri\\\/\"]}]},{\"@type\":\"ImageObject\",\"inLanguage\":\"tr\",\"@id\":\"https:\\\/\\\/betroffenenberatung-rlp.de\\\/tr\\\/yayinci-bilgileri\\\/#primaryimage\",\"url\":\"https:\\\/\\\/betroffenenberatung-rlp.de\\\/wp-content\\\/uploads\\\/2025\\\/09\\\/Betroffenenberatung-Koepfe-scaled.png\",\"contentUrl\":\"https:\\\/\\\/betroffenenberatung-rlp.de\\\/wp-content\\\/uploads\\\/2025\\\/09\\\/Betroffenenberatung-Koepfe-scaled.png\"},{\"@type\":\"BreadcrumbList\",\"@id\":\"https:\\\/\\\/betroffenenberatung-rlp.de\\\/tr\\\/yayinci-bilgileri\\\/#breadcrumb\",\"itemListElement\":[{\"@type\":\"ListItem\",\"position\":1,\"name\":\"Home\",\"item\":\"https:\\\/\\\/betroffenenberatung-rlp.de\\\/tr\\\/\"},{\"@type\":\"ListItem\",\"position\":2,\"name\":\"Yay\u0131nc\u0131 bilgileri\"}]},{\"@type\":\"WebSite\",\"@id\":\"https:\\\/\\\/betroffenenberatung-rlp.de\\\/tr\\\/#website\",\"url\":\"https:\\\/\\\/betroffenenberatung-rlp.de\\\/tr\\\/\",\"name\":\"AWO Betroffenenberatung\",\"description\":\"Betroffenenberatung RLP\",\"publisher\":{\"@id\":\"https:\\\/\\\/betroffenenberatung-rlp.de\\\/tr\\\/#organization\"},\"potentialAction\":[{\"@type\":\"SearchAction\",\"target\":{\"@type\":\"EntryPoint\",\"urlTemplate\":\"https:\\\/\\\/betroffenenberatung-rlp.de\\\/tr\\\/?s={search_term_string}\"},\"query-input\":{\"@type\":\"PropertyValueSpecification\",\"valueRequired\":true,\"valueName\":\"search_term_string\"}}],\"inLanguage\":\"tr\"},{\"@type\":\"Organization\",\"@id\":\"https:\\\/\\\/betroffenenberatung-rlp.de\\\/tr\\\/#organization\",\"name\":\"AWO Betroffenenberatung\",\"url\":\"https:\\\/\\\/betroffenenberatung-rlp.de\\\/tr\\\/\",\"logo\":{\"@type\":\"ImageObject\",\"inLanguage\":\"tr\",\"@id\":\"https:\\\/\\\/betroffenenberatung-rlp.de\\\/tr\\\/#\\\/schema\\\/logo\\\/image\\\/\",\"url\":\"https:\\\/\\\/betroffenenberatung-rlp.de\\\/wp-content\\\/uploads\\\/2025\\\/09\\\/Betroffenenberatung-Logo-Hauptseite.png\",\"contentUrl\":\"https:\\\/\\\/betroffenenberatung-rlp.de\\\/wp-content\\\/uploads\\\/2025\\\/09\\\/Betroffenenberatung-Logo-Hauptseite.png\",\"width\":834,\"height\":834,\"caption\":\"AWO Betroffenenberatung\"},\"image\":{\"@id\":\"https:\\\/\\\/betroffenenberatung-rlp.de\\\/tr\\\/#\\\/schema\\\/logo\\\/image\\\/\"}}]}<\/script>\n<!-- \/ Yoast SEO plugin. -->","yoast_head_json":{"title":"Yay\u0131nc\u0131 bilgileri - Betroffenenberatung RLP","description":"Rheinland-Pfalz Ma\u011fdur Dan\u0131\u015fma Merkezi \u0130leti\u015fim Bilgileri \u2013 T\u00fcm yasal bilgiler, ileti\u015fim bilgileri ve web sitesinin i\u015fletmecisi hakk\u0131nda bilgiler.","robots":{"index":"index","follow":"follow","max-snippet":"max-snippet:-1","max-image-preview":"max-image-preview:large","max-video-preview":"max-video-preview:-1"},"canonical":"https:\/\/betroffenenberatung-rlp.de\/tr\/yayinci-bilgileri\/","og_locale":"tr_TR","og_type":"article","og_title":"Yay\u0131nc\u0131 bilgileri - Betroffenenberatung RLP","og_description":"Rheinland-Pfalz Ma\u011fdur Dan\u0131\u015fma Merkezi \u0130leti\u015fim Bilgileri \u2013 T\u00fcm yasal bilgiler, ileti\u015fim bilgileri ve web sitesinin i\u015fletmecisi hakk\u0131nda bilgiler.","og_url":"https:\/\/betroffenenberatung-rlp.de\/tr\/yayinci-bilgileri\/","og_site_name":"Betroffenenberatung RLP","article_modified_time":"2026-01-22T09:36:40+00:00","og_image":[{"width":2560,"height":1440,"url":"https:\/\/betroffenenberatung-rlp.de\/wp-content\/uploads\/2025\/09\/Betroffenenberatung-Koepfe-scaled.png","type":"image\/png"}],"twitter_card":"summary_large_image","schema":{"@context":"https:\/\/schema.org","@graph":[{"@type":"WebPage","@id":"https:\/\/betroffenenberatung-rlp.de\/tr\/yayinci-bilgileri\/","url":"https:\/\/betroffenenberatung-rlp.de\/tr\/yayinci-bilgileri\/","name":"Yay\u0131nc\u0131 bilgileri - Betroffenenberatung RLP","isPartOf":{"@id":"https:\/\/betroffenenberatung-rlp.de\/tr\/#website"},"primaryImageOfPage":{"@id":"https:\/\/betroffenenberatung-rlp.de\/tr\/yayinci-bilgileri\/#primaryimage"},"image":{"@id":"https:\/\/betroffenenberatung-rlp.de\/tr\/yayinci-bilgileri\/#primaryimage"},"thumbnailUrl":"https:\/\/betroffenenberatung-rlp.de\/wp-content\/uploads\/2025\/09\/Betroffenenberatung-Koepfe-scaled.png","datePublished":"2025-09-03T13:24:37+00:00","dateModified":"2026-01-22T09:36:40+00:00","description":"Rheinland-Pfalz Ma\u011fdur Dan\u0131\u015fma Merkezi \u0130leti\u015fim Bilgileri \u2013 T\u00fcm yasal bilgiler, ileti\u015fim bilgileri ve web sitesinin i\u015fletmecisi hakk\u0131nda bilgiler.","breadcrumb":{"@id":"https:\/\/betroffenenberatung-rlp.de\/tr\/yayinci-bilgileri\/#breadcrumb"},"inLanguage":"tr","potentialAction":[{"@type":"ReadAction","target":["https:\/\/betroffenenberatung-rlp.de\/tr\/yayinci-bilgileri\/"]}]},{"@type":"ImageObject","inLanguage":"tr","@id":"https:\/\/betroffenenberatung-rlp.de\/tr\/yayinci-bilgileri\/#primaryimage","url":"https:\/\/betroffenenberatung-rlp.de\/wp-content\/uploads\/2025\/09\/Betroffenenberatung-Koepfe-scaled.png","contentUrl":"https:\/\/betroffenenberatung-rlp.de\/wp-content\/uploads\/2025\/09\/Betroffenenberatung-Koepfe-scaled.png"},{"@type":"BreadcrumbList","@id":"https:\/\/betroffenenberatung-rlp.de\/tr\/yayinci-bilgileri\/#breadcrumb","itemListElement":[{"@type":"ListItem","position":1,"name":"Home","item":"https:\/\/betroffenenberatung-rlp.de\/tr\/"},{"@type":"ListItem","position":2,"name":"Yay\u0131nc\u0131 bilgileri"}]},{"@type":"WebSite","@id":"https:\/\/betroffenenberatung-rlp.de\/tr\/#website","url":"https:\/\/betroffenenberatung-rlp.de\/tr\/","name":"AWO Betroffenenberatung","description":"Betroffenenberatung RLP","publisher":{"@id":"https:\/\/betroffenenberatung-rlp.de\/tr\/#organization"},"potentialAction":[{"@type":"SearchAction","target":{"@type":"EntryPoint","urlTemplate":"https:\/\/betroffenenberatung-rlp.de\/tr\/?s={search_term_string}"},"query-input":{"@type":"PropertyValueSpecification","valueRequired":true,"valueName":"search_term_string"}}],"inLanguage":"tr"},{"@type":"Organization","@id":"https:\/\/betroffenenberatung-rlp.de\/tr\/#organization","name":"AWO Betroffenenberatung","url":"https:\/\/betroffenenberatung-rlp.de\/tr\/","logo":{"@type":"ImageObject","inLanguage":"tr","@id":"https:\/\/betroffenenberatung-rlp.de\/tr\/#\/schema\/logo\/image\/","url":"https:\/\/betroffenenberatung-rlp.de\/wp-content\/uploads\/2025\/09\/Betroffenenberatung-Logo-Hauptseite.png","contentUrl":"https:\/\/betroffenenberatung-rlp.de\/wp-content\/uploads\/2025\/09\/Betroffenenberatung-Logo-Hauptseite.png","width":834,"height":834,"caption":"AWO Betroffenenberatung"},"image":{"@id":"https:\/\/betroffenenberatung-rlp.de\/tr\/#\/schema\/logo\/image\/"}}]}},"_links":{"self":[{"href":"https:\/\/betroffenenberatung-rlp.de\/tr\/wp-json\/wp\/v2\/pages\/2859","targetHints":{"allow":["GET"]}}],"collection":[{"href":"https:\/\/betroffenenberatung-rlp.de\/tr\/wp-json\/wp\/v2\/pages"}],"about":[{"href":"https:\/\/betroffenenberatung-rlp.de\/tr\/wp-json\/wp\/v2\/types\/page"}],"author":[{"embeddable":true,"href":"https:\/\/betroffenenberatung-rlp.de\/tr\/wp-json\/wp\/v2\/users\/1"}],"replies":[{"embeddable":true,"href":"https:\/\/betroffenenberatung-rlp.de\/tr\/wp-json\/wp\/v2\/comments?post=2859"}],"version-history":[{"count":1,"href":"https:\/\/betroffenenberatung-rlp.de\/tr\/wp-json\/wp\/v2\/pages\/2859\/revisions"}],"predecessor-version":[{"id":2860,"href":"https:\/\/betroffenenberatung-rlp.de\/tr\/wp-json\/wp\/v2\/pages\/2859\/revisions\/2860"}],"wp:attachment":[{"href":"https:\/\/betroffenenberatung-rlp.de\/tr\/wp-json\/wp\/v2\/media?parent=2859"}],"curies":[{"name":"wp","href":"https:\/\/api.w.org\/{rel}","templated":true}]}}